{"id":10,"date":"2024-03-06T01:27:34","date_gmt":"2024-03-06T00:27:34","guid":{"rendered":"https:\/\/capsulasestoicas.com\/?page_id=10"},"modified":"2024-03-07T21:28:07","modified_gmt":"2024-03-07T20:28:07","slug":"bienvenido","status":"publish","type":"page","link":"https:\/\/capsulasestoicas.com\/index.php\/bienvenido\/","title":{"rendered":"C\u00e1psulas Estoicas"},"content":{"rendered":"\n<p class=\"has-text-align-left\">\u00a1Bienvenido al refugio virtual de la filosof\u00eda estoica! Sum\u00e9rgete en las ense\u00f1anzas atemporales de los estoicos y descubre c\u00f3mo aplicar sus principios para cultivar la serenidad, la sabidur\u00eda y la resiliencia en la vida cotidiana. Explora art\u00edculos, reflexiones y citas que te inspirar\u00e1n a vivir con autenticidad, aceptaci\u00f3n y virtud. <\/p>\n\n\n\n<p class=\"has-text-align-left\">\u00danete a nuestra comunidad en el camino hacia una vida m\u00e1s plena y significativa, inspirada por la sabidur\u00eda eterna de los estoicos. \u00a1No olvides seguirnos en nuestras redes sociales! Encu\u00e9ntranos en YouTube, Instagram y TikTok para contenido exclusivo, reflexiones diarias y debates enriquecedores.<\/p>\n\n\n\n<p><\/p>\n\n\n\n<p><\/p>\n","protected":false},"excerpt":{"rendered":"<p>\u00a1Bienvenido al refugio virtual de la filosof\u00eda estoica! Sum\u00e9rgete en las ense\u00f1anzas atemporales de los estoicos y descubre c\u00f3mo aplicar sus principios para cultivar la serenidad, la sabidur\u00eda y la resiliencia en la vida cotidiana. Explora art\u00edculos, reflexiones y citas que te inspirar\u00e1n a vivir con autenticidad, aceptaci\u00f3n y virtud. \u00danete a nuestra comunidad en [&hellip;]<\/p>\n","protected":false},"author":1,"featured_media":0,"parent":0,"menu_order":0,"comment_status":"closed","ping_status":"closed","template":"","meta":{"_monsterinsights_skip_tracking":false,"_monsterinsights_sitenote_active":false,"_monsterinsights_sitenote_note":"","_monsterinsights_sitenote_category":0,"footnotes":""},"aioseo_notices":[],"_links":{"self":[{"href":"https:\/\/capsulasestoicas.com\/index.php\/wp-json\/wp\/v2\/pages\/10"}],"collection":[{"href":"https:\/\/capsulasestoicas.com\/index.php\/wp-json\/wp\/v2\/pages"}],"about":[{"href":"https:\/\/capsulasestoicas.com\/index.php\/wp-json\/wp\/v2\/types\/page"}],"author":[{"embeddable":true,"href":"https:\/\/capsulasestoicas.com\/index.php\/wp-json\/wp\/v2\/users\/1"}],"replies":[{"embeddable":true,"href":"https:\/\/capsulasestoicas.com\/index.php\/wp-json\/wp\/v2\/comments?post=10"}],"version-history":[{"count":2,"href":"https:\/\/capsulasestoicas.com\/index.php\/wp-json\/wp\/v2\/pages\/10\/revisions"}],"predecessor-version":[{"id":13,"href":"https:\/\/capsulasestoicas.com\/index.php\/wp-json\/wp\/v2\/pages\/10\/revisions\/13"}],"wp:attachment":[{"href":"https:\/\/capsulasestoicas.com\/index.php\/wp-json\/wp\/v2\/media?parent=10"}],"curies":[{"name":"wp","href":"https:\/\/api.w.org\/{rel}","templated":true}]}}